{"id":3774,"date":"2024-09-24T10:53:48","date_gmt":"2024-09-24T14:53:48","guid":{"rendered":"https:\/\/alterjustice.org\/?page_id=3774"},"modified":"2025-08-18T13:14:01","modified_gmt":"2025-08-18T18:14:01","slug":"temps-a-tuer-faculte","status":"publish","type":"page","link":"https:\/\/alterjustice.org\/en\/temps-a-tuer-faculte\/","title":{"rendered":"TATT_Facult\u00e9s affaiblies"},"content":{"rendered":"<p>&nbsp;<\/p>\n<p>&nbsp;<\/p>\n<p>&nbsp;<\/p>\n","protected":false},"excerpt":{"rendered":"<p>&nbsp; &nbsp; &nbsp;<\/p>\n","protected":false},"author":29,"featured_media":3681,"parent":0,"menu_order":0,"comment_status":"closed","ping_status":"closed","template":"landing-service-pardon.php","meta":{"_acf_changed":false,"inline_featured_image":false,"_monsterinsights_skip_tracking":false,"_monsterinsights_sitenote_active":false,"_monsterinsights_sitenote_note":"","_monsterinsights_sitenote_category":0,"footnotes":""},"class_list":["post-3774","page","type-page","status-publish","has-post-thumbnail","hentry"],"acf":[],"yoast_head":"<!-- This site is optimized with the Yoast SEO plugin v27.3 - https:\/\/yoast.com\/product\/yoast-seo-wordpress\/ -->\n<title>Tu as du temps \u00e0 tuer? Viens confronter tes pr\u00e9jug\u00e9s.<\/title>\n<meta name=\"description\" content=\"Tu as du temps \u00e0 tuer? am\u00e8ne les participant(e)s \u00e0 trouver le ou la coupable d\u2019une infraction criminelle \u00e0 partir de peu ou pas d\u2019indices.\" \/>\n<meta name=\"robots\" content=\"index, follow, max-snippet:-1, max-image-preview:large, max-video-preview:-1\" \/>\n<link rel=\"canonical\" href=\"https:\/\/alterjustice.org\/temps-a-tuer-faculte\/\" \/>\n<meta property=\"og:locale\" content=\"en_US\" \/>\n<meta property=\"og:type\" content=\"article\" \/>\n<meta property=\"og:title\" content=\"Tu as du temps \u00e0 tuer? Viens confronter tes pr\u00e9jug\u00e9s.\" \/>\n<meta property=\"og:description\" content=\"Tu as du temps \u00e0 tuer? am\u00e8ne les participant(e)s \u00e0 trouver le ou la coupable d\u2019une infraction criminelle \u00e0 partir de peu ou pas d\u2019indices.\" \/>\n<meta property=\"og:url\" content=\"https:\/\/alterjustice.org\/temps-a-tuer-faculte\/\" \/>\n<meta property=\"og:site_name\" content=\"Alter Justice\" \/>\n<meta property=\"article:modified_time\" content=\"2025-08-18T18:14:01+00:00\" \/>\n<meta property=\"og:image\" content=\"https:\/\/alterjustice.org\/wp-content\/uploads\/2024\/09\/2024-Artis_PersonnageSITE-5.jpg\" \/>\n\t<meta property=\"og:image:width\" content=\"600\" \/>\n\t<meta property=\"og:image:height\" content=\"1200\" \/>\n\t<meta property=\"og:image:type\" content=\"image\/jpeg\" \/>\n<meta name=\"twitter:card\" content=\"summary_large_image\" \/>\n<script type=\"application\/ld+json\" class=\"yoast-schema-graph\">{\"@context\":\"https:\\\/\\\/schema.org\",\"@graph\":[{\"@type\":\"WebPage\",\"@id\":\"https:\\\/\\\/alterjustice.org\\\/temps-a-tuer-faculte\\\/\",\"url\":\"https:\\\/\\\/alterjustice.org\\\/temps-a-tuer-faculte\\\/\",\"name\":\"Tu as du temps \u00e0 tuer? Viens confronter tes pr\u00e9jug\u00e9s.\",\"isPartOf\":{\"@id\":\"https:\\\/\\\/alterjustice.org\\\/#website\"},\"primaryImageOfPage\":{\"@id\":\"https:\\\/\\\/alterjustice.org\\\/temps-a-tuer-faculte\\\/#primaryimage\"},\"image\":{\"@id\":\"https:\\\/\\\/alterjustice.org\\\/temps-a-tuer-faculte\\\/#primaryimage\"},\"thumbnailUrl\":\"https:\\\/\\\/alterjustice.org\\\/wp-content\\\/uploads\\\/2024\\\/09\\\/2024-Artis_PersonnageSITE-5.jpg\",\"datePublished\":\"2024-09-24T14:53:48+00:00\",\"dateModified\":\"2025-08-18T18:14:01+00:00\",\"description\":\"Tu as du temps \u00e0 tuer? am\u00e8ne les participant(e)s \u00e0 trouver le ou la coupable d\u2019une infraction criminelle \u00e0 partir de peu ou pas d\u2019indices.\",\"breadcrumb\":{\"@id\":\"https:\\\/\\\/alterjustice.org\\\/temps-a-tuer-faculte\\\/#breadcrumb\"},\"inLanguage\":\"en-US\",\"potentialAction\":[{\"@type\":\"ReadAction\",\"target\":[\"https:\\\/\\\/alterjustice.org\\\/temps-a-tuer-faculte\\\/\"]}]},{\"@type\":\"ImageObject\",\"inLanguage\":\"en-US\",\"@id\":\"https:\\\/\\\/alterjustice.org\\\/temps-a-tuer-faculte\\\/#primaryimage\",\"url\":\"https:\\\/\\\/alterjustice.org\\\/wp-content\\\/uploads\\\/2024\\\/09\\\/2024-Artis_PersonnageSITE-5.jpg\",\"contentUrl\":\"https:\\\/\\\/alterjustice.org\\\/wp-content\\\/uploads\\\/2024\\\/09\\\/2024-Artis_PersonnageSITE-5.jpg\",\"width\":600,\"height\":1200},{\"@type\":\"BreadcrumbList\",\"@id\":\"https:\\\/\\\/alterjustice.org\\\/temps-a-tuer-faculte\\\/#breadcrumb\",\"itemListElement\":[{\"@type\":\"ListItem\",\"position\":1,\"name\":\"Accueil\",\"item\":\"https:\\\/\\\/alterjustice.org\\\/en\\\/\"},{\"@type\":\"ListItem\",\"position\":2,\"name\":\"TATT_Facult\u00e9s affaiblies\"}]},{\"@type\":\"WebSite\",\"@id\":\"https:\\\/\\\/alterjustice.org\\\/#website\",\"url\":\"https:\\\/\\\/alterjustice.org\\\/\",\"name\":\"Alter Justice\",\"description\":\"Soutenir, accompagner et informer\",\"publisher\":{\"@id\":\"https:\\\/\\\/alterjustice.org\\\/#organization\"},\"potentialAction\":[{\"@type\":\"SearchAction\",\"target\":{\"@type\":\"EntryPoint\",\"urlTemplate\":\"https:\\\/\\\/alterjustice.org\\\/?s={search_term_string}\"},\"query-input\":{\"@type\":\"PropertyValueSpecification\",\"valueRequired\":true,\"valueName\":\"search_term_string\"}}],\"inLanguage\":\"en-US\"},{\"@type\":\"Organization\",\"@id\":\"https:\\\/\\\/alterjustice.org\\\/#organization\",\"name\":\"Alter Justice\",\"url\":\"https:\\\/\\\/alterjustice.org\\\/\",\"logo\":{\"@type\":\"ImageObject\",\"inLanguage\":\"en-US\",\"@id\":\"https:\\\/\\\/alterjustice.org\\\/#\\\/schema\\\/logo\\\/image\\\/\",\"url\":\"https:\\\/\\\/alterjustice.org\\\/wp-content\\\/uploads\\\/2021\\\/10\\\/Alter-Justice-Logo-Couleur-PNG-large.png\",\"contentUrl\":\"https:\\\/\\\/alterjustice.org\\\/wp-content\\\/uploads\\\/2021\\\/10\\\/Alter-Justice-Logo-Couleur-PNG-large.png\",\"width\":1698,\"height\":925,\"caption\":\"Alter Justice\"},\"image\":{\"@id\":\"https:\\\/\\\/alterjustice.org\\\/#\\\/schema\\\/logo\\\/image\\\/\"}}]}<\/script>\n<!-- \/ Yoast SEO plugin. -->","yoast_head_json":{"title":"Tu as du temps \u00e0 tuer? Viens confronter tes pr\u00e9jug\u00e9s.","description":"Tu as du temps \u00e0 tuer? am\u00e8ne les participant(e)s \u00e0 trouver le ou la coupable d\u2019une infraction criminelle \u00e0 partir de peu ou pas d\u2019indices.","robots":{"index":"index","follow":"follow","max-snippet":"max-snippet:-1","max-image-preview":"max-image-preview:large","max-video-preview":"max-video-preview:-1"},"canonical":"https:\/\/alterjustice.org\/temps-a-tuer-faculte\/","og_locale":"en_US","og_type":"article","og_title":"Tu as du temps \u00e0 tuer? Viens confronter tes pr\u00e9jug\u00e9s.","og_description":"Tu as du temps \u00e0 tuer? am\u00e8ne les participant(e)s \u00e0 trouver le ou la coupable d\u2019une infraction criminelle \u00e0 partir de peu ou pas d\u2019indices.","og_url":"https:\/\/alterjustice.org\/temps-a-tuer-faculte\/","og_site_name":"Alter Justice","article_modified_time":"2025-08-18T18:14:01+00:00","og_image":[{"width":600,"height":1200,"url":"https:\/\/alterjustice.org\/wp-content\/uploads\/2024\/09\/2024-Artis_PersonnageSITE-5.jpg","type":"image\/jpeg"}],"twitter_card":"summary_large_image","schema":{"@context":"https:\/\/schema.org","@graph":[{"@type":"WebPage","@id":"https:\/\/alterjustice.org\/temps-a-tuer-faculte\/","url":"https:\/\/alterjustice.org\/temps-a-tuer-faculte\/","name":"Tu as du temps \u00e0 tuer? Viens confronter tes pr\u00e9jug\u00e9s.","isPartOf":{"@id":"https:\/\/alterjustice.org\/#website"},"primaryImageOfPage":{"@id":"https:\/\/alterjustice.org\/temps-a-tuer-faculte\/#primaryimage"},"image":{"@id":"https:\/\/alterjustice.org\/temps-a-tuer-faculte\/#primaryimage"},"thumbnailUrl":"https:\/\/alterjustice.org\/wp-content\/uploads\/2024\/09\/2024-Artis_PersonnageSITE-5.jpg","datePublished":"2024-09-24T14:53:48+00:00","dateModified":"2025-08-18T18:14:01+00:00","description":"Tu as du temps \u00e0 tuer? am\u00e8ne les participant(e)s \u00e0 trouver le ou la coupable d\u2019une infraction criminelle \u00e0 partir de peu ou pas d\u2019indices.","breadcrumb":{"@id":"https:\/\/alterjustice.org\/temps-a-tuer-faculte\/#breadcrumb"},"inLanguage":"en-US","potentialAction":[{"@type":"ReadAction","target":["https:\/\/alterjustice.org\/temps-a-tuer-faculte\/"]}]},{"@type":"ImageObject","inLanguage":"en-US","@id":"https:\/\/alterjustice.org\/temps-a-tuer-faculte\/#primaryimage","url":"https:\/\/alterjustice.org\/wp-content\/uploads\/2024\/09\/2024-Artis_PersonnageSITE-5.jpg","contentUrl":"https:\/\/alterjustice.org\/wp-content\/uploads\/2024\/09\/2024-Artis_PersonnageSITE-5.jpg","width":600,"height":1200},{"@type":"BreadcrumbList","@id":"https:\/\/alterjustice.org\/temps-a-tuer-faculte\/#breadcrumb","itemListElement":[{"@type":"ListItem","position":1,"name":"Accueil","item":"https:\/\/alterjustice.org\/en\/"},{"@type":"ListItem","position":2,"name":"TATT_Facult\u00e9s affaiblies"}]},{"@type":"WebSite","@id":"https:\/\/alterjustice.org\/#website","url":"https:\/\/alterjustice.org\/","name":"Alter Justice","description":"Soutenir, accompagner et informer","publisher":{"@id":"https:\/\/alterjustice.org\/#organization"},"potentialAction":[{"@type":"SearchAction","target":{"@type":"EntryPoint","urlTemplate":"https:\/\/alterjustice.org\/?s={search_term_string}"},"query-input":{"@type":"PropertyValueSpecification","valueRequired":true,"valueName":"search_term_string"}}],"inLanguage":"en-US"},{"@type":"Organization","@id":"https:\/\/alterjustice.org\/#organization","name":"Alter Justice","url":"https:\/\/alterjustice.org\/","logo":{"@type":"ImageObject","inLanguage":"en-US","@id":"https:\/\/alterjustice.org\/#\/schema\/logo\/image\/","url":"https:\/\/alterjustice.org\/wp-content\/uploads\/2021\/10\/Alter-Justice-Logo-Couleur-PNG-large.png","contentUrl":"https:\/\/alterjustice.org\/wp-content\/uploads\/2021\/10\/Alter-Justice-Logo-Couleur-PNG-large.png","width":1698,"height":925,"caption":"Alter Justice"},"image":{"@id":"https:\/\/alterjustice.org\/#\/schema\/logo\/image\/"}}]}},"_links":{"self":[{"href":"https:\/\/alterjustice.org\/en\/wp-json\/wp\/v2\/pages\/3774","targetHints":{"allow":["GET"]}}],"collection":[{"href":"https:\/\/alterjustice.org\/en\/wp-json\/wp\/v2\/pages"}],"about":[{"href":"https:\/\/alterjustice.org\/en\/wp-json\/wp\/v2\/types\/page"}],"author":[{"embeddable":true,"href":"https:\/\/alterjustice.org\/en\/wp-json\/wp\/v2\/users\/29"}],"replies":[{"embeddable":true,"href":"https:\/\/alterjustice.org\/en\/wp-json\/wp\/v2\/comments?post=3774"}],"version-history":[{"count":5,"href":"https:\/\/alterjustice.org\/en\/wp-json\/wp\/v2\/pages\/3774\/revisions"}],"predecessor-version":[{"id":4849,"href":"https:\/\/alterjustice.org\/en\/wp-json\/wp\/v2\/pages\/3774\/revisions\/4849"}],"wp:featuredmedia":[{"embeddable":true,"href":"https:\/\/alterjustice.org\/en\/wp-json\/wp\/v2\/media\/3681"}],"wp:attachment":[{"href":"https:\/\/alterjustice.org\/en\/wp-json\/wp\/v2\/media?parent=3774"}],"curies":[{"name":"wp","href":"https:\/\/api.w.org\/{rel}","templated":true}]}}